{"id":7,"date":"2021-04-03T04:04:57","date_gmt":"2021-04-03T04:04:57","guid":{"rendered":"http:\/\/192.168.1.200\/?page_id=7"},"modified":"2021-09-21T08:42:00","modified_gmt":"2021-09-21T05:42:00","slug":"contact","status":"publish","type":"page","link":"http:\/\/fcvillisiat.net\/?page_id=7","title":{"rendered":"Yhteystiedot"},"content":{"rendered":"\n<h3 class=\"wp-block-heading\">Joukkueenjohtaja ja Kuntopallo yhteyshenkil\u00f6<\/h3>\n\n\n\n<ul class=\"wp-block-list\"><li>Henri Heimonen<\/li><li>040 720 2623<\/li><\/ul>\n\n\n\n<h3 class=\"wp-block-heading\">Puuhamies<\/h3>\n\n\n\n<ul class=\"wp-block-list\"><li>Sami Tapio<\/li><li>040 863 4854<\/li><li>sami.tapio@vrtranspoint.fi<\/li><\/ul>\n\n\n\n<h3 class=\"wp-block-heading\">Maksuyhteystiedot<\/h3>\n\n\n\n<ul class=\"wp-block-list\"><li>FI89 5016 0620 0167 00 (OP)<\/li><\/ul>\n\n\n\n<h3 class=\"wp-block-heading\">Kent\u00e4n osoite<\/h3>\n\n\n\n<ul class=\"wp-block-list\"><li>Elim\u00e4en Urheilukentt\u00e4, Alatie 10, 47200 ELIM\u00c4KI<\/li><li>Elim\u00e4en Tekonurmikentt\u00e4, Vanhamaantie 28, 47200 ELIM\u00c4KI<\/li><\/ul>\n","protected":false},"excerpt":{"rendered":"<p>Joukkueenjohtaja ja Kuntopallo yhteyshenkil\u00f6 Henri Heimonen 040 720 2623 Puuhamies Sami Tapio 040 863 4854 sami.tapio@vrtranspoint.fi Maksuyhteystiedot FI89 5016 0620 0167 00 (OP) Kent\u00e4n osoite Elim\u00e4en Urheilukentt\u00e4, Alatie 10, 47200 ELIM\u00c4KI Elim\u00e4en Tekonurmikentt\u00e4, Vanhamaantie 28, 47200 ELIM\u00c4KI<\/p>\n","protected":false},"author":1,"featured_media":0,"parent":0,"menu_order":0,"comment_status":"closed","ping_status":"closed","template":"","meta":{"footnotes":""},"class_list":["post-7","page","type-page","status-publish","hentry"],"_links":{"self":[{"href":"http:\/\/fcvillisiat.net\/index.php?rest_route=\/wp\/v2\/pages\/7","targetHints":{"allow":["GET"]}}],"collection":[{"href":"http:\/\/fcvillisiat.net\/index.php?rest_route=\/wp\/v2\/pages"}],"about":[{"href":"http:\/\/fcvillisiat.net\/index.php?rest_route=\/wp\/v2\/types\/page"}],"author":[{"embeddable":true,"href":"http:\/\/fcvillisiat.net\/index.php?rest_route=\/wp\/v2\/users\/1"}],"replies":[{"embeddable":true,"href":"http:\/\/fcvillisiat.net\/index.php?rest_route=%2Fwp%2Fv2%2Fcomments&post=7"}],"version-history":[{"count":10,"href":"http:\/\/fcvillisiat.net\/index.php?rest_route=\/wp\/v2\/pages\/7\/revisions"}],"predecessor-version":[{"id":191,"href":"http:\/\/fcvillisiat.net\/index.php?rest_route=\/wp\/v2\/pages\/7\/revisions\/191"}],"wp:attachment":[{"href":"http:\/\/fcvillisiat.net\/index.php?rest_route=%2Fwp%2Fv2%2Fmedia&parent=7"}],"curies":[{"name":"wp","href":"https:\/\/api.w.org\/{rel}","templated":true}]}}