{"id":6,"date":"2021-04-03T04:04:57","date_gmt":"2021-04-03T04:04:57","guid":{"rendered":"http:\/\/192.168.1.200\/?page_id=6"},"modified":"2021-04-11T08:11:26","modified_gmt":"2021-04-11T05:11:26","slug":"about","status":"publish","type":"page","link":"http:\/\/fcvillisiat.net\/?page_id=6","title":{"rendered":"Tietoa"},"content":{"rendered":"\n<h2 class=\"wp-block-heading\">FC Villisiat nimen historiaa&#8230;<\/h2>\n\n\n\n<p>Ehk\u00e4 noin vuonna 2008 joukko elim\u00e4kel\u00e4isi\u00e4 jalkapallovaikuttajia alkoi pohtia uutta nime\u00e4 joukkueelleen\u00a0Elim\u00e4en Vauhti\u00a0\u2013nimen tilalle. Uuden nimen tuli olla sellainen, ett\u00e4 se kuvastaisi jollakin tavalla Elim\u00e4ke\u00e4 tai elim\u00e4kel\u00e4isyytt\u00e4, joko maantieteellisesti, kulttuurisesti, historiallisesti tai olemuksellisesti. Useista vaihtoehdoista pitk\u00e4\u00e4n vahvoilla oli kulttuuri-historiallisia arvoja korostava:<\/p>\n\n\n\n<p>FC SUOMENVANHINK\u00c4YT\u00d6SS\u00c4OLEVA-PUURISTIKIRKKO<\/p>\n\n\n\n<p>Lopullinen ratkaisu l\u00f6ytyi kuitenkin faunasta.<br>Nimikomitea havaitsi, ett\u00e4 villisikauroksella (<em>Sus scrofa<\/em>) ja elim\u00e4kel\u00e4isell\u00e4 miehell\u00e4 on h\u00e4mm\u00e4stytt\u00e4v\u00e4n paljon psyykkisi\u00e4 ja fyysisi\u00e4 yht\u00e4l\u00e4isyyksi\u00e4:<\/p>\n\n\n\n<ol class=\"wp-block-list\"><li>Villisikauroksilla on isot ja voimakkaat kulmahampaat, jotka s\u00e4ilytt\u00e4v\u00e4t aina hohtavan valkoisen v\u00e4rins\u00e4.<\/li><li>Villisika on kookas el\u00e4in. Se kasvaa n. 2 metrin mittaiseksi, mist\u00e4 25 senttimetri\u00e4 tulee h\u00e4nn\u00e4n osalle.<\/li><li>T\u00e4ysikasvuisena ja hyvin ravittuna villisika painaa parisataa kiloa.<\/li><li>P\u00e4ivisin villisika lep\u00e4ilee mets\u00e4n siimeksess\u00e4 l\u00e4hte\u00e4kseen vasta h\u00e4m\u00e4r\u00e4n tullen ruokaa ja juomaa haeskelemaan.<\/li><li>Villisika on valpas ja peloton, sill\u00e4 se luottaa nopeuteensa ja voimaansa.<\/li><li>Villisika on \u00e4rsytettyn\u00e4 vaarallinen, ja rohkeasti se hy\u00f6kk\u00e4\u00e4 ahdistelijoitaan vastaan, jotka saavat kiitt\u00e4\u00e4 onneaan, jos selviytyv\u00e4t ilman vakavia vammoja.<\/li><li>Englanninkielinen termi &#8221;BOAR&#8221; tarkoittaa sek\u00e4 villisikaa ett\u00e4 yleens\u00e4 karjua, jolle ei ole suoritettu kastraatiota.<\/li><\/ol>\n\n\n\n<p>Niinp\u00e4 Elim\u00e4en &#8221;keulakuvan&#8221; uudeksi nimeksi valittiin FC Villisiat.<\/p>\n\n\n\n<p>-Chairman<\/p>\n","protected":false},"excerpt":{"rendered":"<p>FC Villisiat nimen historiaa&#8230; Ehk\u00e4 noin vuonna 2008 joukko elim\u00e4kel\u00e4isi\u00e4 jalkapallovaikuttajia alkoi pohtia uutta nime\u00e4 joukkueelleen\u00a0Elim\u00e4en Vauhti\u00a0\u2013nimen tilalle. Uuden nimen tuli olla sellainen, ett\u00e4 se kuvastaisi jollakin tavalla Elim\u00e4ke\u00e4 tai elim\u00e4kel\u00e4isyytt\u00e4, joko maantieteellisesti, kulttuurisesti, historiallisesti tai olemuksellisesti. Useista vaihtoehdoista pitk\u00e4\u00e4n vahvoilla oli kulttuuri-historiallisia arvoja korostava: FC SUOMENVANHINK\u00c4YT\u00d6SS\u00c4OLEVA-PUURISTIKIRKKO Lopullinen ratkaisu l\u00f6ytyi kuitenkin faunasta.Nimikomitea havaitsi, ett\u00e4 villisikauroksella [&hellip;]<\/p>\n","protected":false},"author":1,"featured_media":0,"parent":0,"menu_order":0,"comment_status":"closed","ping_status":"closed","template":"","meta":{"footnotes":""},"class_list":["post-6","page","type-page","status-publish","hentry"],"_links":{"self":[{"href":"http:\/\/fcvillisiat.net\/index.php?rest_route=\/wp\/v2\/pages\/6","targetHints":{"allow":["GET"]}}],"collection":[{"href":"http:\/\/fcvillisiat.net\/index.php?rest_route=\/wp\/v2\/pages"}],"about":[{"href":"http:\/\/fcvillisiat.net\/index.php?rest_route=\/wp\/v2\/types\/page"}],"author":[{"embeddable":true,"href":"http:\/\/fcvillisiat.net\/index.php?rest_route=\/wp\/v2\/users\/1"}],"replies":[{"embeddable":true,"href":"http:\/\/fcvillisiat.net\/index.php?rest_route=%2Fwp%2Fv2%2Fcomments&post=6"}],"version-history":[{"count":7,"href":"http:\/\/fcvillisiat.net\/index.php?rest_route=\/wp\/v2\/pages\/6\/revisions"}],"predecessor-version":[{"id":160,"href":"http:\/\/fcvillisiat.net\/index.php?rest_route=\/wp\/v2\/pages\/6\/revisions\/160"}],"wp:attachment":[{"href":"http:\/\/fcvillisiat.net\/index.php?rest_route=%2Fwp%2Fv2%2Fmedia&parent=6"}],"curies":[{"name":"wp","href":"https:\/\/api.w.org\/{rel}","templated":true}]}}