{"id":139,"date":"2021-04-08T21:26:29","date_gmt":"2021-04-08T18:26:29","guid":{"rendered":"http:\/\/fcvillisiat.net\/?page_id=139"},"modified":"2021-06-07T12:25:50","modified_gmt":"2021-06-07T09:25:50","slug":"shop","status":"publish","type":"page","link":"http:\/\/fcvillisiat.net\/?page_id=139","title":{"rendered":"Shop"},"content":{"rendered":"\n<p>Villisika Shop tarjoaa oivan mahdollisuuden tukea toimintaa, pit\u00e4\u00e4 nuorten harrastusmaksut alhaisina ja mahdollistaa Elim\u00e4en nurmikent\u00e4n yll\u00e4pidon.<\/p>\n\n\n\n<h3 class=\"wp-block-heading\">KAUSIJULKAISU<\/h3>\n\n\n\n<p>Villisiat julkaisee vuosittain kausijulkaisun, jonka levikki on 1500 kpl Elim\u00e4en ja Korian alueella. Kausijulkaisu on alkukes\u00e4n kohokohta, jota odotetaan jokaisessa taloudessa!<\/p>\n\n\n\n<p>Myymme kausijulkaisuun mainostilaa aina kev\u00e4ttalvisin seuraavasti:<\/p>\n\n\n\n<ul class=\"wp-block-list\"><li>1\/16 sivun mainos 60 \u20ac<\/li><li>1\/8 sivun mainos 90 \u20ac<\/li><li>1\/4 sivun mainos 120 \u20ac<\/li><li>1\/2 sivun mainos 200 \u20ac<\/li><li>Kaikki ilmoitukset v\u00e4rillisi\u00e4 ilman lis\u00e4maksua<\/li><\/ul>\n\n\n\n<h3 class=\"wp-block-heading\">KENT\u00c4NTUKIJAT-TAULU 2021<\/h3>\n\n\n\n<ul class=\"wp-block-list\"><li>Tauluun pienempi logo 50 \u20ac (koko 5 cm x 20 cm)<\/li><li>Tauluun isompi logo 100 \u20ac (koko 10 cm x 30 cm)<\/li><li>25 \u20ac alennus, jos on ottanut my\u00f6s kausijulkaisumainoksen.<\/li><\/ul>\n\n\n\n<p>Kent\u00e4ntukijat taulu on kertaluontoinen ja siit\u00e4 saatavilla tuotoilla pyrimme kattamaan tarvikehankintoja. Kent\u00e4ntukijoille toimitamme my\u00f6s kent\u00e4ntukijat kortin.<\/p>\n\n\n\n<h3 class=\"wp-block-heading\">KENT\u00c4NTUKIJAKORTTI<\/h3>\n\n\n\n<p>Myyntiin on tulossa kent\u00e4ntukijat kortteja, joilla yksityiset voivat tukea kent\u00e4nhoitoa. Kent\u00e4ntukijat kortilla saa ilmaisen kahvin Villisikojen kotiotteluissa kaudella 2021.<\/p>\n\n\n\n<ul class=\"wp-block-list\"><li>Kortin hinta 20 \u20ac<\/li><\/ul>\n\n\n\n<figure class=\"wp-block-gallery columns-1 is-cropped wp-block-gallery-1 is-layout-flex wp-block-gallery-is-layout-flex\"><ul class=\"blocks-gallery-grid\"><li class=\"blocks-gallery-item\"><figure><img loading=\"lazy\" decoding=\"async\" width=\"1024\" height=\"576\" src=\"http:\/\/fcvillisiat.net\/wp-content\/uploads\/2021\/04\/20210411_135918-1-1024x576.jpg\" alt=\"\" data-id=\"168\" data-full-url=\"http:\/\/fcvillisiat.net\/wp-content\/uploads\/2021\/04\/20210411_135918-1-scaled.jpg\" data-link=\"http:\/\/fcvillisiat.net\/?attachment_id=168\" class=\"wp-image-168\" srcset=\"http:\/\/fcvillisiat.net\/wp-content\/uploads\/2021\/04\/20210411_135918-1-1024x576.jpg 1024w, http:\/\/fcvillisiat.net\/wp-content\/uploads\/2021\/04\/20210411_135918-1-300x169.jpg 300w, http:\/\/fcvillisiat.net\/wp-content\/uploads\/2021\/04\/20210411_135918-1-768x432.jpg 768w, http:\/\/fcvillisiat.net\/wp-content\/uploads\/2021\/04\/20210411_135918-1-1536x864.jpg 1536w, http:\/\/fcvillisiat.net\/wp-content\/uploads\/2021\/04\/20210411_135918-1-2048x1152.jpg 2048w, http:\/\/fcvillisiat.net\/wp-content\/uploads\/2021\/04\/20210411_135918-1-1200x675.jpg 1200w, http:\/\/fcvillisiat.net\/wp-content\/uploads\/2021\/04\/20210411_135918-1-1980x1114.jpg 1980w\" sizes=\"auto, (max-width: 1024px) 100vw, 1024px\" \/><\/figure><\/li><\/ul><\/figure>\n\n\n\n<h3 class=\"wp-block-heading\">Muut tuotteet<\/h3>\n\n\n\n<ul class=\"wp-block-list\"><li>T-paita 15 \u20ac (koot 102-XXXL)<\/li><li>Muki  15 \u20ac<\/li><li>Tuubihuivi 10 \u20ac<\/li><li>Kaulahuivi 15 \u20ac<\/li><\/ul>\n\n\n\n<figure class=\"wp-block-gallery columns-3 wp-block-gallery-2 is-layout-flex wp-block-gallery-is-layout-flex\"><ul class=\"blocks-gallery-grid\"><li class=\"blocks-gallery-item\"><figure><a href=\"http:\/\/fcvillisiat.net\/wp-content\/uploads\/2021\/04\/t-paita-150x150.jpg\"><img loading=\"lazy\" decoding=\"async\" width=\"150\" height=\"150\" src=\"http:\/\/fcvillisiat.net\/wp-content\/uploads\/2021\/04\/t-paita-150x150.jpg\" alt=\"\" data-id=\"154\" data-link=\"http:\/\/fcvillisiat.net\/?attachment_id=154\" class=\"wp-image-154\" srcset=\"http:\/\/fcvillisiat.net\/wp-content\/uploads\/2021\/04\/t-paita-150x150.jpg 150w, http:\/\/fcvillisiat.net\/wp-content\/uploads\/2021\/04\/t-paita-300x297.jpg 300w, http:\/\/fcvillisiat.net\/wp-content\/uploads\/2021\/04\/t-paita-768x761.jpg 768w, http:\/\/fcvillisiat.net\/wp-content\/uploads\/2021\/04\/t-paita.jpg 900w\" sizes=\"auto, (max-width: 150px) 100vw, 150px\" \/><\/a><figcaption class=\"blocks-gallery-item__caption\">T-paita<\/figcaption><\/figure><\/li><li class=\"blocks-gallery-item\"><figure><a href=\"http:\/\/fcvillisiat.net\/wp-content\/uploads\/2021\/04\/fanimuki-150x150.jpg\"><img loading=\"lazy\" decoding=\"async\" width=\"150\" height=\"150\" src=\"http:\/\/fcvillisiat.net\/wp-content\/uploads\/2021\/04\/fanimuki-150x150.jpg\" alt=\"\" data-id=\"153\" data-link=\"http:\/\/fcvillisiat.net\/?attachment_id=153\" class=\"wp-image-153\"\/><\/a><figcaption class=\"blocks-gallery-item__caption\">Muki<\/figcaption><\/figure><\/li><li class=\"blocks-gallery-item\"><figure><a href=\"http:\/\/fcvillisiat.net\/wp-content\/uploads\/2021\/04\/tuubihuivi-150x150.jpg\"><img loading=\"lazy\" decoding=\"async\" width=\"150\" height=\"150\" src=\"http:\/\/fcvillisiat.net\/wp-content\/uploads\/2021\/04\/tuubihuivi-150x150.jpg\" alt=\"\" data-id=\"151\" data-link=\"http:\/\/fcvillisiat.net\/?attachment_id=151\" class=\"wp-image-151\"\/><\/a><figcaption class=\"blocks-gallery-item__caption\">Tuubihuivi<\/figcaption><\/figure><\/li><li class=\"blocks-gallery-item\"><figure><a href=\"http:\/\/fcvillisiat.net\/wp-content\/uploads\/2021\/04\/fanihuivi-scaled.jpg\"><img loading=\"lazy\" decoding=\"async\" width=\"150\" height=\"150\" src=\"http:\/\/fcvillisiat.net\/wp-content\/uploads\/2021\/04\/fanihuivi-150x150.jpg\" alt=\"\" data-id=\"155\" data-full-url=\"http:\/\/fcvillisiat.net\/wp-content\/uploads\/2021\/04\/fanihuivi-scaled.jpg\" data-link=\"http:\/\/fcvillisiat.net\/?attachment_id=155\" class=\"wp-image-155\"\/><\/a><figcaption class=\"blocks-gallery-item__caption\">Kaulahuivi<\/figcaption><\/figure><\/li><\/ul><\/figure>\n\n\n\n<p>Villisikatuotteita on myyt\u00e4v\u00e4n\u00e4 Villisikojen kotiotteluissa ja tilattavissa s\u00e4hk\u00f6postitse osoitteesta sami.tapio@vrtranspoint.fi. Tilaustuotteissa veloitamme postikulut 5 \u20ac \/ tilaus. Tilaus postitetaan, kun rahat n\u00e4kyv\u00e4t Villisikojen tilill\u00e4.<\/p>\n","protected":false},"excerpt":{"rendered":"<p>Villisika Shop tarjoaa oivan mahdollisuuden tukea toimintaa, pit\u00e4\u00e4 nuorten harrastusmaksut alhaisina ja mahdollistaa Elim\u00e4en nurmikent\u00e4n yll\u00e4pidon. KAUSIJULKAISU Villisiat julkaisee vuosittain kausijulkaisun, jonka levikki on 1500 kpl Elim\u00e4en ja Korian alueella. Kausijulkaisu on alkukes\u00e4n kohokohta, jota odotetaan jokaisessa taloudessa! Myymme kausijulkaisuun mainostilaa aina kev\u00e4ttalvisin seuraavasti: 1\/16 sivun mainos 60 \u20ac 1\/8 sivun mainos 90 \u20ac 1\/4 [&hellip;]<\/p>\n","protected":false},"author":1,"featured_media":0,"parent":0,"menu_order":0,"comment_status":"closed","ping_status":"closed","template":"","meta":{"footnotes":""},"class_list":["post-139","page","type-page","status-publish","hentry"],"_links":{"self":[{"href":"http:\/\/fcvillisiat.net\/index.php?rest_route=\/wp\/v2\/pages\/139","targetHints":{"allow":["GET"]}}],"collection":[{"href":"http:\/\/fcvillisiat.net\/index.php?rest_route=\/wp\/v2\/pages"}],"about":[{"href":"http:\/\/fcvillisiat.net\/index.php?rest_route=\/wp\/v2\/types\/page"}],"author":[{"embeddable":true,"href":"http:\/\/fcvillisiat.net\/index.php?rest_route=\/wp\/v2\/users\/1"}],"replies":[{"embeddable":true,"href":"http:\/\/fcvillisiat.net\/index.php?rest_route=%2Fwp%2Fv2%2Fcomments&post=139"}],"version-history":[{"count":9,"href":"http:\/\/fcvillisiat.net\/index.php?rest_route=\/wp\/v2\/pages\/139\/revisions"}],"predecessor-version":[{"id":178,"href":"http:\/\/fcvillisiat.net\/index.php?rest_route=\/wp\/v2\/pages\/139\/revisions\/178"}],"wp:attachment":[{"href":"http:\/\/fcvillisiat.net\/index.php?rest_route=%2Fwp%2Fv2%2Fmedia&parent=139"}],"curies":[{"name":"wp","href":"https:\/\/api.w.org\/{rel}","templated":true}]}}