{"id":11,"date":"2021-04-03T04:04:57","date_gmt":"2021-04-03T04:04:57","guid":{"rendered":"http:\/\/192.168.1.200\/?page_id=11"},"modified":"2025-03-12T21:28:17","modified_gmt":"2025-03-12T19:28:17","slug":"the-new-umoma-opens-its-doors-2","status":"publish","type":"page","link":"http:\/\/fcvillisiat.net\/","title":{"rendered":"Elim\u00e4en FC Villisiat"},"content":{"rendered":"\n<p>Amat\u00f6\u00f6rijalkapalloa suurella tunteella. FC Villisiat on Elim\u00e4en Vauhti ry jalkapallojaosto.<\/p>\n\n\n\n<div class=\"wp-block-group\"><div class=\"wp-block-group__inner-container is-layout-flow wp-block-group-is-layout-flow\">\n<h2 class=\"wp-block-heading\">Nurmikent\u00e4n varaukset<\/h2>\n\n\n\n<p>Elim\u00e4en nurmikent\u00e4n, eli tuttavallisemmin Kim Barkas areenan yll\u00e4pito ja varaukset 2021 vuodesta l\u00e4htien FC Villisikojen kautta.<\/p>\n\n\n<div class=\"simcal-calendar simcal-default-calendar simcal-default-calendar-grid simcal-default-calendar-dark\" data-calendar-id=\"48\" data-timezone=\"Europe\/Helsinki\" data-offset=\"10800\" data-week-start=\"1\" data-calendar-start=\"1777323600\" data-calendar-end=\"1782547200\" data-events-first=\"1776265200\" data-events-last=\"1782547200\">\n\t\t\t\n            <table class=\"simcal-calendar-grid\"\n                   data-event-bubble-trigger=\"hover\">\n                <thead class=\"simcal-calendar-head\">\n                <tr>\n\t\t\t\t\t                        <th class=\"simcal-nav simcal-prev-wrapper\" colspan=\"1\">\n                            <button class=\"simcal-nav-button simcal-month-nav simcal-prev\" title=\"Previous Month\" aria-label=\"Previous Month\"><i class=\"simcal-icon-left\"><\/i><\/button>\n                        <\/th>\n\t\t\t\t\t                    <th colspan=\"5\"\n                        class=\"simcal-nav simcal-current\"\n                        data-calendar-current=\"1777323600\">\n\t\t\t\t\t\t<h3> <span class=\"simcal-current-year\">2026<\/span>  <span class=\"simcal-current-month\">huhtikuu<\/span> <\/h3>                    <\/th>\n\t\t\t\t\t                        <th class=\"simcal-nav simcal-next-wrapper\" colspan=\"1\">\n                            <button class=\"simcal-nav-button simcal-month-nav simcal-next\" title=\"Next Month\" aria-label=\"Next Month\"><i class=\"simcal-icon-right\"><\/i><\/button>\n                        <\/th>\n\t\t\t\t\t                <\/tr>\n                <tr>\n\t\t\t\t\t                        <th class=\"simcal-week-day simcal-week-day-1\"\n                            data-screen-small=\"m\"\n                            data-screen-medium=\"ma\"\n                            data-screen-large=\"maanantai\">ma<\/th>\n\t\t\t\t\t\t                        <th class=\"simcal-week-day simcal-week-day-2\"\n                            data-screen-small=\"t\"\n                            data-screen-medium=\"ti\"\n                            data-screen-large=\"tiistai\">ti<\/th>\n\t\t\t\t\t\t                        <th class=\"simcal-week-day simcal-week-day-3\"\n                            data-screen-small=\"k\"\n                            data-screen-medium=\"ke\"\n                            data-screen-large=\"keskiviikko\">ke<\/th>\n\t\t\t\t\t\t                        <th class=\"simcal-week-day simcal-week-day-4\"\n                            data-screen-small=\"t\"\n                            data-screen-medium=\"to\"\n                            data-screen-large=\"torstai\">to<\/th>\n\t\t\t\t\t\t                        <th class=\"simcal-week-day simcal-week-day-5\"\n                            data-screen-small=\"p\"\n                            data-screen-medium=\"pe\"\n                            data-screen-large=\"perjantai\">pe<\/th>\n\t\t\t\t\t\t                        <th class=\"simcal-week-day simcal-week-day-6\"\n                            data-screen-small=\"l\"\n                            data-screen-medium=\"la\"\n                            data-screen-large=\"lauantai\">la<\/th>\n\t\t\t\t\t\t                            <th class=\"simcal-week-day simcal-week-day-0\"\n                                data-screen-small=\"s\"\n                                data-screen-medium=\"su\"\n                                data-screen-large=\"sunnuntai\">su<\/th>\n\t\t\t\t\t\t\t                <\/tr>\n                <\/thead>\n\n\t\t\t\t<tbody class=\"simcal-month simcal-month-4\">\n\t<tr class=\"simcal-week simcal-week-14\"><td class=\"simcal-day simcal-day-void \"><\/td>\n<td class=\"simcal-day simcal-day-void simcal-day-void-last\"><\/td>\n<td class=\"simcal-day-1 simcal-weekday-3 simcal-past simcal-day\" data-events-count=\"0\">\n\t<div>\n\t\t<span class=\"simcal-day-label simcal-day-number\">1<\/span>\n\t\t<span class=\"simcal-no-events\"><\/span>\n\t\t<span class=\"simcal-events-dots\" style=\"display: none;\"><\/span>\n\t<\/div>\n<\/td>\n<td class=\"simcal-day-2 simcal-weekday-4 simcal-past simcal-day\" data-events-count=\"0\">\n\t<div>\n\t\t<span class=\"simcal-day-label simcal-day-number\">2<\/span>\n\t\t<span class=\"simcal-no-events\"><\/span>\n\t\t<span class=\"simcal-events-dots\" style=\"display: none;\"><\/span>\n\t<\/div>\n<\/td>\n<td class=\"simcal-day-3 simcal-weekday-5 simcal-past simcal-day\" data-events-count=\"0\">\n\t<div>\n\t\t<span class=\"simcal-day-label simcal-day-number\">3<\/span>\n\t\t<span class=\"simcal-no-events\"><\/span>\n\t\t<span class=\"simcal-events-dots\" style=\"display: none;\"><\/span>\n\t<\/div>\n<\/td>\n<td class=\"simcal-day-4 simcal-weekday-6 simcal-past simcal-day\" data-events-count=\"0\">\n\t<div>\n\t\t<span class=\"simcal-day-label simcal-day-number\">4<\/span>\n\t\t<span class=\"simcal-no-events\"><\/span>\n\t\t<span class=\"simcal-events-dots\" style=\"display: none;\"><\/span>\n\t<\/div>\n<\/td>\n<td class=\"simcal-day-5 simcal-weekday-0 simcal-past simcal-day\" data-events-count=\"0\">\n\t<div>\n\t\t<span class=\"simcal-day-label simcal-day-number\">5<\/span>\n\t\t<span class=\"simcal-no-events\"><\/span>\n\t\t<span class=\"simcal-events-dots\" style=\"display: none;\"><\/span>\n\t<\/div>\n<\/td>\n<\/tr><tr class=\"simcal-week simcal-week-14\">\n<td class=\"simcal-day-6 simcal-weekday-1 simcal-past simcal-day\" data-events-count=\"0\">\n\t<div>\n\t\t<span class=\"simcal-day-label simcal-day-number\">6<\/span>\n\t\t<span class=\"simcal-no-events\"><\/span>\n\t\t<span class=\"simcal-events-dots\" style=\"display: none;\"><\/span>\n\t<\/div>\n<\/td>\n<td class=\"simcal-day-7 simcal-weekday-2 simcal-past simcal-day\" data-events-count=\"0\">\n\t<div>\n\t\t<span class=\"simcal-day-label simcal-day-number\">7<\/span>\n\t\t<span class=\"simcal-no-events\"><\/span>\n\t\t<span class=\"simcal-events-dots\" style=\"display: none;\"><\/span>\n\t<\/div>\n<\/td>\n<td class=\"simcal-day-8 simcal-weekday-3 simcal-past simcal-day\" data-events-count=\"0\">\n\t<div>\n\t\t<span class=\"simcal-day-label simcal-day-number\">8<\/span>\n\t\t<span class=\"simcal-no-events\"><\/span>\n\t\t<span class=\"simcal-events-dots\" style=\"display: none;\"><\/span>\n\t<\/div>\n<\/td>\n<td class=\"simcal-day-9 simcal-weekday-4 simcal-past simcal-day\" data-events-count=\"0\">\n\t<div>\n\t\t<span class=\"simcal-day-label simcal-day-number\">9<\/span>\n\t\t<span class=\"simcal-no-events\"><\/span>\n\t\t<span class=\"simcal-events-dots\" style=\"display: none;\"><\/span>\n\t<\/div>\n<\/td>\n<td class=\"simcal-day-10 simcal-weekday-5 simcal-past simcal-day\" data-events-count=\"0\">\n\t<div>\n\t\t<span class=\"simcal-day-label simcal-day-number\">10<\/span>\n\t\t<span class=\"simcal-no-events\"><\/span>\n\t\t<span class=\"simcal-events-dots\" style=\"display: none;\"><\/span>\n\t<\/div>\n<\/td>\n<td class=\"simcal-day-11 simcal-weekday-6 simcal-past simcal-day\" data-events-count=\"0\">\n\t<div>\n\t\t<span class=\"simcal-day-label simcal-day-number\">11<\/span>\n\t\t<span class=\"simcal-no-events\"><\/span>\n\t\t<span class=\"simcal-events-dots\" style=\"display: none;\"><\/span>\n\t<\/div>\n<\/td>\n<td class=\"simcal-day-12 simcal-weekday-0 simcal-past simcal-day\" data-events-count=\"0\">\n\t<div>\n\t\t<span class=\"simcal-day-label simcal-day-number\">12<\/span>\n\t\t<span class=\"simcal-no-events\"><\/span>\n\t\t<span class=\"simcal-events-dots\" style=\"display: none;\"><\/span>\n\t<\/div>\n<\/td>\n<\/tr><tr class=\"simcal-week simcal-week-15\">\n<td class=\"simcal-day-13 simcal-weekday-1 simcal-past simcal-day\" data-events-count=\"0\">\n\t<div>\n\t\t<span class=\"simcal-day-label simcal-day-number\">13<\/span>\n\t\t<span class=\"simcal-no-events\"><\/span>\n\t\t<span class=\"simcal-events-dots\" style=\"display: none;\"><\/span>\n\t<\/div>\n<\/td>\n<td class=\"simcal-day-14 simcal-weekday-2 simcal-past simcal-day\" data-events-count=\"0\">\n\t<div>\n\t\t<span class=\"simcal-day-label simcal-day-number\">14<\/span>\n\t\t<span class=\"simcal-no-events\"><\/span>\n\t\t<span class=\"simcal-events-dots\" style=\"display: none;\"><\/span>\n\t<\/div>\n<\/td>\n<td class=\"simcal-day-15 simcal-weekday-3 simcal-past simcal-day simcal-day-has-events simcal-day-has-1-events simcal-events-calendar-48\" data-events-count=\"1\">\n\t<div>\n\t\t<span class=\"simcal-day-label simcal-day-number\" style=\"background-color: #e85f35; color: #000000\">15<\/span>\n\t\t<ul class=\"simcal-events\">\t<li class=\"simcal-event simcal-events-calendar-48 simcal-tooltip\" itemscope itemtype=\"http:\/\/schema.org\/Event\">\n\t\t<span class=\"simcal-event-title\">FCV 2013 - KTP<\/span>\n\t\t<div class=\"simcal-event-details simcal-tooltip-content\" style=\"display: none;\"><p><strong><span class=\"simcal-event-title\" itemprop=\"name\">FCV 2013 - KTP<\/span><\/strong><\/p>\n<p><span class=\"simcal-event-start simcal-event-start-date\" data-event-start=\"1776265200\" data-event-format=\"Y-m-d\" itemprop=\"startDate\" content=\"2026-04-15T18:00:00+03:00\">2026-04-15<\/span>&nbsp;&nbsp;<span class=\"simcal-event-start simcal-event-start-time\" data-event-start=\"1776265200\" data-event-format=\"H:i\" itemprop=\"startDate\" content=\"2026-04-15T18:00:00+03:00\">18:00<\/span> - <span class=\"simcal-event-end simcal-event-end-time\" data-event-end=\"1776276000\" data-event-format=\"H:i\" itemprop=\"endDate\" content=\"2026-04-15T21:00:00+03:00\">21:00<\/span><br \/>\n <span class=\"simcal-event-address simcal-event-start-location\" itemprop=\"location\" itemscope itemtype=\"http:\/\/schema.org\/Place\"><meta itemprop=\"name\" content=\"FCV 2013 - KTP\" \/><meta itemprop=\"address\" content=\"FCV 2013 - KTP\" \/><\/span><\/p>\n<div><\/div>\n<p> <a href=\"https:\/\/www.google.com\/calendar\/event?eid=NjFoMzJlYjI2Z3BtNmI5cDc0c2plYjlrNzFpMzJiYjFjOHM2OGI5bGM4cjM0ZTFoNmdxMzBwYjI3NCB2YXJhdWtzZXQuZmN2aWxsaXNpYXRAbQ&#038;ctz=Europe\/Helsinki\" target=\"_blank\" >See more details<\/a><\/p><\/div>\n\t<\/li>\n<\/ul>\n\n\t\t<span class=\"simcal-events-dots\" style=\"display: none;\"><b style=\"color: #000;\"> &bull; <\/b><\/span>\n\t<\/div>\n<\/td>\n<td class=\"simcal-day-16 simcal-weekday-4 simcal-past simcal-day\" data-events-count=\"0\">\n\t<div>\n\t\t<span class=\"simcal-day-label simcal-day-number\">16<\/span>\n\t\t<span class=\"simcal-no-events\"><\/span>\n\t\t<span class=\"simcal-events-dots\" style=\"display: none;\"><\/span>\n\t<\/div>\n<\/td>\n<td class=\"simcal-day-17 simcal-weekday-5 simcal-past simcal-day\" data-events-count=\"0\">\n\t<div>\n\t\t<span class=\"simcal-day-label simcal-day-number\">17<\/span>\n\t\t<span class=\"simcal-no-events\"><\/span>\n\t\t<span class=\"simcal-events-dots\" style=\"display: none;\"><\/span>\n\t<\/div>\n<\/td>\n<td class=\"simcal-day-18 simcal-weekday-6 simcal-past simcal-day\" data-events-count=\"0\">\n\t<div>\n\t\t<span class=\"simcal-day-label simcal-day-number\">18<\/span>\n\t\t<span class=\"simcal-no-events\"><\/span>\n\t\t<span class=\"simcal-events-dots\" style=\"display: none;\"><\/span>\n\t<\/div>\n<\/td>\n<td class=\"simcal-day-19 simcal-weekday-0 simcal-past simcal-day\" data-events-count=\"0\">\n\t<div>\n\t\t<span class=\"simcal-day-label simcal-day-number\">19<\/span>\n\t\t<span class=\"simcal-no-events\"><\/span>\n\t\t<span class=\"simcal-events-dots\" style=\"display: none;\"><\/span>\n\t<\/div>\n<\/td>\n<\/tr><tr class=\"simcal-week simcal-week-16\">\n<td class=\"simcal-day-20 simcal-weekday-1 simcal-past simcal-day\" data-events-count=\"0\">\n\t<div>\n\t\t<span class=\"simcal-day-label simcal-day-number\">20<\/span>\n\t\t<span class=\"simcal-no-events\"><\/span>\n\t\t<span class=\"simcal-events-dots\" style=\"display: none;\"><\/span>\n\t<\/div>\n<\/td>\n<td class=\"simcal-day-21 simcal-weekday-2 simcal-past simcal-day\" data-events-count=\"0\">\n\t<div>\n\t\t<span class=\"simcal-day-label simcal-day-number\">21<\/span>\n\t\t<span class=\"simcal-no-events\"><\/span>\n\t\t<span class=\"simcal-events-dots\" style=\"display: none;\"><\/span>\n\t<\/div>\n<\/td>\n<td class=\"simcal-day-22 simcal-weekday-3 simcal-past simcal-day\" data-events-count=\"0\">\n\t<div>\n\t\t<span class=\"simcal-day-label simcal-day-number\">22<\/span>\n\t\t<span class=\"simcal-no-events\"><\/span>\n\t\t<span class=\"simcal-events-dots\" style=\"display: none;\"><\/span>\n\t<\/div>\n<\/td>\n<td class=\"simcal-day-23 simcal-weekday-4 simcal-past simcal-day\" data-events-count=\"0\">\n\t<div>\n\t\t<span class=\"simcal-day-label simcal-day-number\">23<\/span>\n\t\t<span class=\"simcal-no-events\"><\/span>\n\t\t<span class=\"simcal-events-dots\" style=\"display: none;\"><\/span>\n\t<\/div>\n<\/td>\n<td class=\"simcal-day-24 simcal-weekday-5 simcal-past simcal-day\" data-events-count=\"0\">\n\t<div>\n\t\t<span class=\"simcal-day-label simcal-day-number\">24<\/span>\n\t\t<span class=\"simcal-no-events\"><\/span>\n\t\t<span class=\"simcal-events-dots\" style=\"display: none;\"><\/span>\n\t<\/div>\n<\/td>\n<td class=\"simcal-day-25 simcal-weekday-6 simcal-past simcal-day\" data-events-count=\"0\">\n\t<div>\n\t\t<span class=\"simcal-day-label simcal-day-number\">25<\/span>\n\t\t<span class=\"simcal-no-events\"><\/span>\n\t\t<span class=\"simcal-events-dots\" style=\"display: none;\"><\/span>\n\t<\/div>\n<\/td>\n<td class=\"simcal-day-26 simcal-weekday-0 simcal-past simcal-day\" data-events-count=\"0\">\n\t<div>\n\t\t<span class=\"simcal-day-label simcal-day-number\">26<\/span>\n\t\t<span class=\"simcal-no-events\"><\/span>\n\t\t<span class=\"simcal-events-dots\" style=\"display: none;\"><\/span>\n\t<\/div>\n<\/td>\n<\/tr><tr class=\"simcal-week simcal-week-17\">\n<td class=\"simcal-day-27 simcal-weekday-1 simcal-past simcal-day\" data-events-count=\"0\">\n\t<div>\n\t\t<span class=\"simcal-day-label simcal-day-number\">27<\/span>\n\t\t<span class=\"simcal-no-events\"><\/span>\n\t\t<span class=\"simcal-events-dots\" style=\"display: none;\"><\/span>\n\t<\/div>\n<\/td>\n<td class=\"simcal-day-28 simcal-weekday-2 simcal-today simcal-present simcal-day\" data-events-count=\"0\">\n\t<div style=\"border: 1px solid #5871ef;\">\n\t\t<span class=\"simcal-day-label simcal-day-number\" style=\"background-color: #5871ef; color: #ffffff\">28<\/span>\n\t\t<span class=\"simcal-no-events\"><\/span>\n\t\t<span class=\"simcal-events-dots\" style=\"display: none;\"><\/span>\n\t<\/div>\n<\/td>\n<td class=\"simcal-day-29 simcal-weekday-3 simcal-future simcal-day\" data-events-count=\"0\">\n\t<div>\n\t\t<span class=\"simcal-day-label simcal-day-number\">29<\/span>\n\t\t<span class=\"simcal-no-events\"><\/span>\n\t\t<span class=\"simcal-events-dots\" style=\"display: none;\"><\/span>\n\t<\/div>\n<\/td>\n<td class=\"simcal-day-30 simcal-weekday-4 simcal-future simcal-day\" data-events-count=\"0\">\n\t<div>\n\t\t<span class=\"simcal-day-label simcal-day-number\">30<\/span>\n\t\t<span class=\"simcal-no-events\"><\/span>\n\t\t<span class=\"simcal-events-dots\" style=\"display: none;\"><\/span>\n\t<\/div>\n<\/td>\n<td class=\"simcal-day simcal-day-void \"><\/td>\n<td class=\"simcal-day simcal-day-void \"><\/td>\n<td class=\"simcal-day simcal-day-void simcal-day-void-last\"><\/td>\n\t<\/tr>\n<\/tbody>\n\t \t\t\t\n            <\/table>\n\n\t\t\t<\/div>\n\n\n\n<div class=\"wp-block-buttons is-layout-flex wp-block-buttons-is-layout-flex\">\n<div class=\"wp-block-button is-style-outline is-style-outline--1\"><a class=\"wp-block-button__link wp-element-button\" href=\"http:\/\/fcvillisiat.net\/?page_id=32\">Lue lis\u00e4\u00e4 kent\u00e4n varauksista<\/a><\/div>\n<\/div>\n<\/div><\/div>\n\n\n\n<div class=\"wp-block-group\"><div class=\"wp-block-group__inner-container is-layout-flow wp-block-group-is-layout-flow\">\n<h2 class=\"wp-block-heading\">Edustusjoukkueen pelit<\/h2>\n\n\n\n<p>Ajantasainen tieto tulevista FC Villisikojen peleist\u00e4 l\u00f6yd\u00e4t palloliiton sivuilta.<\/p>\n\n\n\n<div class=\"wp-block-buttons is-layout-flex wp-block-buttons-is-layout-flex\">\n<div class=\"wp-block-button is-style-outline is-style-outline--2\"><a class=\"wp-block-button__link wp-element-button\" href=\"https:\/\/tulospalvelu.palloliitto.fi\/team\/61712\/fixture\">FC Villisiat palloliiton sivuilla<\/a><\/div>\n<\/div>\n<\/div><\/div>\n\n\n\n<div class=\"wp-block-group\"><div class=\"wp-block-group__inner-container is-layout-flow wp-block-group-is-layout-flow\">\n<h2 class=\"wp-block-heading\">Kuntopallo<\/h2>\n\n\n\n<p>Rennolle kuntopallovuorolle mukaan ovat tervetulleita kaikki yli 14-vuotiaat naiset, sek\u00e4 miehet. Mink\u00e4\u00e4nlaista aikaisempaa lajiosaamista et tarvitse, eik\u00e4 ennakkoilmoittautumista. Huono kunto on hyv\u00e4 syy tulla mukaan!<\/p>\n\n\n\n<p>Kuntopalloa pelataan <strong>tiistaisin klo 18.30 Elim\u00e4en<\/strong> <strong>tekonurmikent\u00e4ll\u00e4<\/strong>.<\/p>\n<\/div><\/div>\n\n\n\n<div class=\"wp-block-group\"><div class=\"wp-block-group__inner-container is-layout-flow wp-block-group-is-layout-flow\">\n<h2 class=\"wp-block-heading\">Pallokerho<\/h2>\n\n\n\n<p>Lis\u00e4tietoja tulossa&#8230;<\/p>\n\n\n\n<h2 class=\"wp-block-heading\">Villisika Shop<\/h2>\n\n\n\n<p>Villisika Shop tarjoaa oivan mahdollisuuden tukea toimintaa, pit\u00e4\u00e4 nuorten harrastusmaksut alhaisina ja mahdollistaa Elim\u00e4en nurmikent\u00e4n yll\u00e4pidon.<\/p>\n\n\n\n<div class=\"wp-block-buttons is-layout-flex wp-block-buttons-is-layout-flex\">\n<div class=\"wp-block-button is-style-outline is-style-outline--3\"><a class=\"wp-block-button__link wp-element-button\" href=\"http:\/\/fcvillisiat.net\/?page_id=139\">Villisika shop<\/a><\/div>\n<\/div>\n\n\n\n<p><\/p>\n<\/div><\/div>\n\n\n\n<div class=\"wp-block-group\"><div class=\"wp-block-group__inner-container is-layout-flow wp-block-group-is-layout-flow\">\n<h2 class=\"wp-block-heading\">Uutisia<\/h2>\n\n\n<ul class=\"wp-block-latest-posts__list has-dates wp-block-latest-posts\"><li><a class=\"wp-block-latest-posts__post-title\" href=\"http:\/\/fcvillisiat.net\/?p=199\">Pestoopuulaaki 2022<\/a><time datetime=\"2022-08-11T12:00:00+03:00\" class=\"wp-block-latest-posts__post-date\">2022-08-11<\/time><div class=\"wp-block-latest-posts__post-excerpt\">Pestoopuulaaki 2022, Tietoa ja S\u00e4\u00e4nn\u00f6t.<\/div><\/li>\n<li><a class=\"wp-block-latest-posts__post-title\" href=\"http:\/\/fcvillisiat.net\/?p=108\">Sopimus Elim\u00e4en nurmikent\u00e4n k\u00e4yt\u00f6st\u00e4<\/a><time datetime=\"2021-03-09T21:34:00+02:00\" class=\"wp-block-latest-posts__post-date\">2021-03-09<\/time><div class=\"wp-block-latest-posts__post-excerpt\">Kaupunki p\u00e4\u00e4tti lakkauttaa Elim\u00e4en jalkapallokent\u00e4n hoidon vuoden 2020 loppuun. Pelit Elim\u00e4en nurmikent\u00e4ll\u00e4 eli tuttavallisemmin Kim Barkas areenalla kuitenkin jatkuvat ensi\u2026 <a class=\"wp-block-latest-posts__read-more\" href=\"http:\/\/fcvillisiat.net\/?p=108\" rel=\"noopener noreferrer\">Lue lis\u00e4\u00e4<span class=\"screen-reader-text\">: Sopimus Elim\u00e4en nurmikent\u00e4n k\u00e4yt\u00f6st\u00e4<\/span><\/a><\/div><\/li>\n<li><a class=\"wp-block-latest-posts__post-title\" href=\"http:\/\/fcvillisiat.net\/?p=93\">Ennakko Villisiat &#8211; KoPa<\/a><time datetime=\"2011-05-11T21:02:00+03:00\" class=\"wp-block-latest-posts__post-date\">2011-05-11<\/time><div class=\"wp-block-latest-posts__post-excerpt\">FC Villisiat l\u00e4htee kauden ensimm\u00e4iseen kotipeliin voitto mieless\u00e4, sill\u00e4 sarja-avauksen helpohko voitto LAUTP:st\u00e4 antoi elim\u00e4kel\u00e4isille lent\u00e4v\u00e4n l\u00e4hd\u00f6n kauteen. Nyt vastassa\u2026 <a class=\"wp-block-latest-posts__read-more\" href=\"http:\/\/fcvillisiat.net\/?p=93\" rel=\"noopener noreferrer\">Lue lis\u00e4\u00e4<span class=\"screen-reader-text\">: Ennakko Villisiat &#8211; KoPa<\/span><\/a><\/div><\/li>\n<li><a class=\"wp-block-latest-posts__post-title\" href=\"http:\/\/fcvillisiat.net\/?p=85\">Villisioilla voittoisa sarja avaus<\/a><time datetime=\"2011-05-07T20:51:00+03:00\" class=\"wp-block-latest-posts__post-date\">2011-05-07<\/time><div class=\"wp-block-latest-posts__post-excerpt\">FC Villisikojen kausi k\u00e4ynnistyi mukavasti, kun elim\u00e4kel\u00e4isjoukkue haki Lappeenrannasta t\u00e4ydet sarjapisteet. Kotijoukkue LauTP ei pystynyt vastaamaan FC Villisikojen hyv\u00e4\u00e4n esitykseen\u2026 <a class=\"wp-block-latest-posts__read-more\" href=\"http:\/\/fcvillisiat.net\/?p=85\" rel=\"noopener noreferrer\">Lue lis\u00e4\u00e4<span class=\"screen-reader-text\">: Villisioilla voittoisa sarja avaus<\/span><\/a><\/div><\/li>\n<\/ul><\/div><\/div>\n","protected":false},"excerpt":{"rendered":"<p>Amat\u00f6\u00f6rijalkapalloa suurella tunteella. FC Villisiat on Elim\u00e4en Vauhti ry jalkapallojaosto. Nurmikent\u00e4n varaukset Elim\u00e4en nurmikent\u00e4n, eli tuttavallisemmin Kim Barkas areenan yll\u00e4pito ja varaukset 2021 vuodesta l\u00e4htien FC Villisikojen kautta. Edustusjoukkueen pelit Ajantasainen tieto tulevista FC Villisikojen peleist\u00e4 l\u00f6yd\u00e4t palloliiton sivuilta. Kuntopallo Rennolle kuntopallovuorolle mukaan ovat tervetulleita kaikki yli 14-vuotiaat naiset, sek\u00e4 miehet. Mink\u00e4\u00e4nlaista aikaisempaa lajiosaamista et [&hellip;]<\/p>\n","protected":false},"author":1,"featured_media":54,"parent":0,"menu_order":0,"comment_status":"closed","ping_status":"closed","template":"","meta":{"footnotes":""},"class_list":["post-11","page","type-page","status-publish","has-post-thumbnail","hentry"],"_links":{"self":[{"href":"http:\/\/fcvillisiat.net\/index.php?rest_route=\/wp\/v2\/pages\/11","targetHints":{"allow":["GET"]}}],"collection":[{"href":"http:\/\/fcvillisiat.net\/index.php?rest_route=\/wp\/v2\/pages"}],"about":[{"href":"http:\/\/fcvillisiat.net\/index.php?rest_route=\/wp\/v2\/types\/page"}],"author":[{"embeddable":true,"href":"http:\/\/fcvillisiat.net\/index.php?rest_route=\/wp\/v2\/users\/1"}],"replies":[{"embeddable":true,"href":"http:\/\/fcvillisiat.net\/index.php?rest_route=%2Fwp%2Fv2%2Fcomments&post=11"}],"version-history":[{"count":44,"href":"http:\/\/fcvillisiat.net\/index.php?rest_route=\/wp\/v2\/pages\/11\/revisions"}],"predecessor-version":[{"id":213,"href":"http:\/\/fcvillisiat.net\/index.php?rest_route=\/wp\/v2\/pages\/11\/revisions\/213"}],"wp:featuredmedia":[{"embeddable":true,"href":"http:\/\/fcvillisiat.net\/index.php?rest_route=\/wp\/v2\/media\/54"}],"wp:attachment":[{"href":"http:\/\/fcvillisiat.net\/index.php?rest_route=%2Fwp%2Fv2%2Fmedia&parent=11"}],"curies":[{"name":"wp","href":"https:\/\/api.w.org\/{rel}","templated":true}]}}